{"id":147,"date":"2015-04-06T18:38:03","date_gmt":"2015-04-06T15:38:03","guid":{"rendered":"http:\/\/torunsilah.com\/wp\/?page_id=147"},"modified":"2022-01-01T14:54:09","modified_gmt":"2022-01-01T11:54:09","slug":"about-us","status":"publish","type":"page","link":"https:\/\/torunsilah.com\/en\/about-us\/","title":{"rendered":"About Us"},"content":{"rendered":"<p><img decoding=\"async\" style=\"width: 100%;\" src=\"http:\/\/torunsilah.com\/wp-content\/uploads\/2015\/04\/corporate.jpg\" \/><\/p>\n<p>Torun Arms Industry was established in 1996 by Kadir TORUN in Bey\u015fehir \/ \u00dcz\u00fcml\u00fc. Our complex has an open area of 15,000 m2 and a closed area of 7500 m2 and employs more than 200 experienced gunsmiths. With CNC technologies, Laser, cad\/cam, solidworks systems and today&#8217;s most advanced tools, high quality and standard hunting and sports rifles and air rifles are produced and exported to many countries of the world.<\/p>\n<p>Producing quality products, delivering these products to our customers on time, providing all kinds of after-sales services and customer satisfaction at the highest level have been the primary principles of TORUN Arms.<\/p>\n<p>It is the joint responsibility of all our work, together with the senior management, to use and maintain the well-trained manpower, advanced technology and ergonomics principles in order to realize the above activities.<\/p>\n<p>We take it as our duty to produce quality and offer world-class Hunting and Sports Rifles and Air Sniper Rifles to our customers.<\/p>\n","protected":false},"excerpt":{"rendered":"<p>Torun Arms Industry was established in 1996 by Kadir TORUN in Bey\u015fehir \/ \u00dcz\u00fcml\u00fc. Our complex has an open area of 15,000 m2 and a closed area of 7500 m2 and employs more than 200 experienced gunsmiths. With CNC technologies, Laser, cad\/cam, solidworks systems and today&#8217;s most advanced tools, high quality and standard hunting and [&hellip;]<\/p>\n","protected":false},"author":1,"featured_media":0,"parent":0,"menu_order":0,"comment_status":"open","ping_status":"open","template":"","meta":{"footnotes":""},"class_list":["post-147","page","type-page","status-publish","hentry"],"_links":{"self":[{"href":"https:\/\/torunsilah.com\/en\/wp-json\/wp\/v2\/pages\/147","targetHints":{"allow":["GET"]}}],"collection":[{"href":"https:\/\/torunsilah.com\/en\/wp-json\/wp\/v2\/pages"}],"about":[{"href":"https:\/\/torunsilah.com\/en\/wp-json\/wp\/v2\/types\/page"}],"author":[{"embeddable":true,"href":"https:\/\/torunsilah.com\/en\/wp-json\/wp\/v2\/users\/1"}],"replies":[{"embeddable":true,"href":"https:\/\/torunsilah.com\/en\/wp-json\/wp\/v2\/comments?post=147"}],"version-history":[{"count":7,"href":"https:\/\/torunsilah.com\/en\/wp-json\/wp\/v2\/pages\/147\/revisions"}],"predecessor-version":[{"id":482,"href":"https:\/\/torunsilah.com\/en\/wp-json\/wp\/v2\/pages\/147\/revisions\/482"}],"wp:attachment":[{"href":"https:\/\/torunsilah.com\/en\/wp-json\/wp\/v2\/media?parent=147"}],"curies":[{"name":"wp","href":"https:\/\/api.w.org\/{rel}","templated":true}]}}